{"id":1564,"date":"2020-08-13T13:03:48","date_gmt":"2020-09-30T08:39:05","guid":{"rendered":"https:\/\/papersolutions.be\/?post_type=product&#038;p=1564"},"modified":"2022-02-05T11:13:59","modified_gmt":"2022-02-05T11:13:59","slug":"verifone-vx810-rouleaux-bancontact","status":"publish","type":"product","link":"https:\/\/papersolutions.be\/fr\/produit\/verifone-vx810-rouleaux-bancontact\/","title":{"rendered":"Verifone VX810 rouleaux bancontact 57x47x12"},"content":{"rendered":"<p class=\"p1\">Achetez vos rouleaux bancontact pour votre terminal de paiement Verifone VX810 par Internet. Vous pouvez commander chez nous les rouleaux de papier Verifone VX810 aux meilleurs prix. Les rouleaux bancontact sont emball\u00e9s par 50 rouleaux dans 1 bo\u00eete et ont une longueur de 25 m\u00e8tres.<\/p>\n","protected":false},"excerpt":{"rendered":"<p>Rouleaux bancontact thermiques fabriqu\u00e9s avec du papier thermique A en 57x47x12.<br \/>\nLe papier thermique de ce type de rouleaux bancontact mesure 25 m\u00e8tres.<\/p>\n<p>Prix par boite de 50 rouleaux<br \/>\n25 m\u00e8tres longeuer<br \/>\nSans BPA<br \/>\nLivraison gratuite \u00e0 partir de \u20ac 30,-<\/p>\n<p>Besoin de plus grandes quantit\u00e9s? Contactez nous!<\/p>\n","protected":false},"featured_media":1565,"template":"","meta":[],"product_cat":[70],"product_tag":[],"acf":[],"aioseo_notices":[],"tiered_pricing_type":"fixed","tiered_pricing_fixed_rules":{"3":"26.85","5":"24.90","10":"21.70","30":"19.50"},"_links":{"self":[{"href":"https:\/\/papersolutions.be\/fr\/wp-json\/wp\/v2\/product\/1564"}],"collection":[{"href":"https:\/\/papersolutions.be\/fr\/wp-json\/wp\/v2\/product"}],"about":[{"href":"https:\/\/papersolutions.be\/fr\/wp-json\/wp\/v2\/types\/product"}],"wp:featuredmedia":[{"embeddable":true,"href":"https:\/\/papersolutions.be\/fr\/wp-json\/wp\/v2\/media\/1565"}],"wp:attachment":[{"href":"https:\/\/papersolutions.be\/fr\/wp-json\/wp\/v2\/media?parent=1564"}],"wp:term":[{"taxonomy":"product_cat","embeddable":true,"href":"https:\/\/papersolutions.be\/fr\/wp-json\/wp\/v2\/product_cat?post=1564"},{"taxonomy":"product_tag","embeddable":true,"href":"https:\/\/papersolutions.be\/fr\/wp-json\/wp\/v2\/product_tag?post=1564"}],"curies":[{"name":"wp","href":"https:\/\/api.w.org\/{rel}","templated":true}]}}