{"id":3191,"date":"2022-07-28T11:21:20","date_gmt":"2022-07-28T11:21:20","guid":{"rendered":"https:\/\/papersolutions.be\/?post_type=product&#038;p=3191"},"modified":"2022-07-28T11:25:50","modified_gmt":"2022-07-28T11:25:50","slug":"loyaltek-9220-rouleaux-bancontact-57x40x12-kopie","status":"publish","type":"product","link":"https:\/\/papersolutions.be\/fr\/produit\/loyaltek-9220-rouleaux-bancontact-57x40x12-kopie\/","title":{"rendered":"Loyaltek 9220 rouleaux bancontact 57x40x12"},"content":{"rendered":"<p class=\"p1\">Achetez vos rouleaux bancontact pour votre terminal de paiement Loyaltek 9220 par Internet. Vous pouvez commander chez nous les rouleaux de papier Loyaltek 9220 aux meilleurs prix. Les rouleaux bancontact sont emball\u00e9s par 50 rouleaux dans 1 bo\u00eete et ont une longueur de 20 m\u00e8tres.<\/p>\n","protected":false},"excerpt":{"rendered":"<p>Rouleaux bancontact thermiques fabriqu\u00e9s avec du papier thermique A en 57x40x12mm.<br \/>\nLe papier thermique de ce type de rouleaux bancontact mesure 20 m\u00e8tres.<\/p>\n<p>Prix par boite de 50 rouleaux<br \/>\n20 m\u00e8tres longeuer<br \/>\nSans BPA<br \/>\nLivraison gratuite \u00e0 partir de \u20ac 30,-<\/p>\n<p>Besoin de plus grandes quantit\u00e9s? Contactez nous!<\/p>\n","protected":false},"featured_media":3193,"template":"","meta":[],"product_cat":[70],"product_tag":[],"acf":[],"aioseo_notices":[],"tiered_pricing_type":"fixed","tiered_pricing_fixed_rules":{"3":"26.85","5":"24.90","10":"21.70","30":"19.50"},"_links":{"self":[{"href":"https:\/\/papersolutions.be\/fr\/wp-json\/wp\/v2\/product\/3191"}],"collection":[{"href":"https:\/\/papersolutions.be\/fr\/wp-json\/wp\/v2\/product"}],"about":[{"href":"https:\/\/papersolutions.be\/fr\/wp-json\/wp\/v2\/types\/product"}],"wp:featuredmedia":[{"embeddable":true,"href":"https:\/\/papersolutions.be\/fr\/wp-json\/wp\/v2\/media\/3193"}],"wp:attachment":[{"href":"https:\/\/papersolutions.be\/fr\/wp-json\/wp\/v2\/media?parent=3191"}],"wp:term":[{"taxonomy":"product_cat","embeddable":true,"href":"https:\/\/papersolutions.be\/fr\/wp-json\/wp\/v2\/product_cat?post=3191"},{"taxonomy":"product_tag","embeddable":true,"href":"https:\/\/papersolutions.be\/fr\/wp-json\/wp\/v2\/product_tag?post=3191"}],"curies":[{"name":"wp","href":"https:\/\/api.w.org\/{rel}","templated":true}]}}